{"id":216,"date":"2023-05-23T15:16:41","date_gmt":"2023-05-23T13:16:41","guid":{"rendered":"https:\/\/talentesk.com\/?page_id=216"},"modified":"2023-06-14T16:34:20","modified_gmt":"2023-06-14T14:34:20","slug":"nos-services","status":"publish","type":"page","link":"https:\/\/talentesk.com\/index.php\/nos-services\/","title":{"rendered":"Nos services"},"content":{"rendered":"\t\t<div data-elementor-type=\"wp-page\" data-elementor-id=\"216\" class=\"elementor elementor-216\">\n\t\t\t\t\t\t\t\t\t<section class=\"elementor-section elementor-top-section elementor-element elementor-element-b37761d elementor-section-height-min-height elementor-section-boxed elementor-section-height-default elementor-section-items-middle\" data-id=\"b37761d\" data-element_type=\"section\" data-settings=\"{&quot;background_background&quot;:&quot;gradient&quot;}\">\n\t\t\t\t\t\t\t<div class=\"elementor-background-overlay\"><\/div>\n\t\t\t\t\t\t\t<div class=\"elementor-container elementor-column-gap-no\">\n\t\t\t\t\t<div class=\"elementor-column elementor-col-100 elementor-top-column elementor-element elementor-element-afef9c3\" data-id=\"afef9c3\" data-element_type=\"column\">\n\t\t\t<div class=\"elementor-widget-wrap elementor-element-populated\">\n\t\t\t\t\t\t\t\t<div class=\"elementor-element elementor-element-eacd2fe elementor-widget elementor-widget-heading\" data-id=\"eacd2fe\" data-element_type=\"widget\" data-widget_type=\"heading.default\">\n\t\t\t\t<div class=\"elementor-widget-container\">\n\t\t\t<style>\/*! elementor - v3.13.3 - 28-05-2023 *\/\n.elementor-heading-title{padding:0;margin:0;line-height:1}.elementor-widget-heading .elementor-heading-title[class*=elementor-size-]>a{color:inherit;font-size:inherit;line-height:inherit}.elementor-widget-heading .elementor-heading-title.elementor-size-small{font-size:15px}.elementor-widget-heading .elementor-heading-title.elementor-size-medium{font-size:19px}.elementor-widget-heading .elementor-heading-title.elementor-size-large{font-size:29px}.elementor-widget-heading .elementor-heading-title.elementor-size-xl{font-size:39px}.elementor-widget-heading .elementor-heading-title.elementor-size-xxl{font-size:59px}<\/style><h1 class=\"elementor-heading-title elementor-size-default\">AGENT FIFA<\/h1>\t\t<\/div>\n\t\t\t\t<\/div>\n\t\t\t\t<div class=\"elementor-element elementor-element-e28ab54 elementor-invisible elementor-widget elementor-widget-spacer\" data-id=\"e28ab54\" data-element_type=\"widget\" data-settings=\"{&quot;_animation&quot;:&quot;fadeInUp&quot;}\" data-widget_type=\"spacer.default\">\n\t\t\t\t<div class=\"elementor-widget-container\">\n\t\t\t<style>\/*! elementor - v3.13.3 - 28-05-2023 *\/\n.elementor-column .elementor-spacer-inner{height:var(--spacer-size)}.e-con{--container-widget-width:100%}.e-con-inner>.elementor-widget-spacer,.e-con>.elementor-widget-spacer{width:var(--container-widget-width,var(--spacer-size));--align-self:var(--container-widget-align-self,initial);--flex-shrink:0}.e-con-inner>.elementor-widget-spacer>.elementor-widget-container,.e-con-inner>.elementor-widget-spacer>.elementor-widget-container>.elementor-spacer,.e-con>.elementor-widget-spacer>.elementor-widget-container,.e-con>.elementor-widget-spacer>.elementor-widget-container>.elementor-spacer{height:100%}.e-con-inner>.elementor-widget-spacer>.elementor-widget-container>.elementor-spacer>.elementor-spacer-inner,.e-con>.elementor-widget-spacer>.elementor-widget-container>.elementor-spacer>.elementor-spacer-inner{height:var(--container-widget-height,var(--spacer-size))}<\/style>\t\t<div class=\"elementor-spacer\">\n\t\t\t<div class=\"elementor-spacer-inner\"><\/div>\n\t\t<\/div>\n\t\t\t\t<\/div>\n\t\t\t\t<\/div>\n\t\t\t\t\t<\/div>\n\t\t<\/div>\n\t\t\t\t\t\t\t<\/div>\n\t\t<\/section>\n\t\t\t\t<section class=\"elementor-section elementor-top-section elementor-element elementor-element-7a658cc elementor-section-stretched elementor-section-boxed elementor-section-height-default elementor-section-height-default\" data-id=\"7a658cc\" data-element_type=\"section\" data-settings=\"{&quot;background_background&quot;:&quot;classic&quot;,&quot;stretch_section&quot;:&quot;section-stretched&quot;}\">\n\t\t\t\t\t\t<div class=\"elementor-container elementor-column-gap-default\">\n\t\t\t\t\t<div class=\"elementor-column elementor-col-100 elementor-top-column elementor-element elementor-element-6e3b4a6\" data-id=\"6e3b4a6\" data-element_type=\"column\">\n\t\t\t<div class=\"elementor-widget-wrap elementor-element-populated\">\n\t\t\t\t\t\t\t\t<div class=\"elementor-element elementor-element-7bff76d elementor-widget elementor-widget-text-editor\" data-id=\"7bff76d\" data-element_type=\"widget\" data-widget_type=\"text-editor.default\">\n\t\t\t\t<div class=\"elementor-widget-container\">\n\t\t\t<style>\/*! elementor - v3.13.3 - 28-05-2023 *\/\n.elementor-widget-text-editor.elementor-drop-cap-view-stacked .elementor-drop-cap{background-color:#69727d;color:#fff}.elementor-widget-text-editor.elementor-drop-cap-view-framed .elementor-drop-cap{color:#69727d;border:3px solid;background-color:transparent}.elementor-widget-text-editor:not(.elementor-drop-cap-view-default) .elementor-drop-cap{margin-top:8px}.elementor-widget-text-editor:not(.elementor-drop-cap-view-default) .elementor-drop-cap-letter{width:1em;height:1em}.elementor-widget-text-editor .elementor-drop-cap{float:left;text-align:center;line-height:1;font-size:50px}.elementor-widget-text-editor .elementor-drop-cap-letter{display:inline-block}<\/style>\t\t\t\t<p><!-- wp:paragraph {\"align\":\"center\"} --><\/p>\n<p style=\"text-align: center;\"><strong>Cr\u00e9er votre avenir avec ESK<\/strong><\/p>\n<p><!-- \/wp:paragraph --><!-- wp:paragraph --><\/p>\n<p>Chez ESK, nous fa\u00e7onnons l&rsquo;avenir. Notre devise ? \u00ab\u00a0La meilleure fa\u00e7on de pr\u00e9dire l&rsquo;avenir, c&rsquo;est de le cr\u00e9er\u00a0\u00bb. Nous incarnons la d\u00e9termination, la discipline et le travail.<\/p>\n<p><!-- \/wp:paragraph --><!-- wp:paragraph {\"align\":\"center\"} --><\/p>\n<p class=\"has-text-align-center\"><strong>Port\u00e9e Internationale<\/strong><\/p>\n<p><!-- \/wp:paragraph --><!-- wp:paragraph --><\/p>\n<p>Notre agence a une envergure internationale. Nous disposons d&rsquo;un r\u00e9seau vaste et diversifi\u00e9. Il ouvre les portes des plus grands clubs et comp\u00e9titions mondiales.<\/p>\n<p><!-- \/wp:paragraph --><!-- wp:paragraph {\"align\":\"center\"} --><\/p>\n<p class=\"has-text-align-center\"><strong>Une \u00c9quipe d&rsquo;Experts<\/strong><\/p>\n<p><!-- \/wp:paragraph --><!-- wp:paragraph --><\/p>\n<p>Notre \u00e9quipe se compose d&rsquo;experts d\u00e9vou\u00e9s. Ils fournissent un service personnalis\u00e9. Chaque joueur est unique. Nous accordons une attention particuli\u00e8re \u00e0 votre potentiel et \u00e0 vos aspirations.<\/p>\n<p><!-- \/wp:paragraph --><!-- wp:paragraph {\"align\":\"center\"} --><\/p>\n<p class=\"has-text-align-center\"><strong>Th\u00e9rapeute en PNL \u00e0 votre disposition<\/strong><\/p>\n<p><!-- \/wp:paragraph --><!-- wp:paragraph --><\/p>\n<p>Pour renforcer votre performance et votre \u00e9quilibre mental, [nom de votre agence] offre l&rsquo;accompagnement d&rsquo;une th\u00e9rapeute sp\u00e9cialis\u00e9e en PNL. Cette approche aide \u00e0 optimiser votre confiance, votre communication et votre adaptation aux d\u00e9fis du football. C&rsquo;est un soutien pr\u00e9cieux pour exceller sur le terrain et au-del\u00e0.<\/p>\n<p><!-- \/wp:paragraph --><!-- wp:paragraph {\"align\":\"center\"} --><\/p>\n<p class=\"has-text-align-center\"><strong>Plus que des N\u00e9gociateurs<\/strong><\/p>\n<p><!-- \/wp:paragraph --><!-- wp:paragraph --><\/p>\n<p>Nous ne sommes pas de simples n\u00e9gociateurs de contrats. Nous vous offrons un accompagnement complet. Transferts, contrats de sponsoring, relations publiques, nous g\u00e9rons tout.<\/p>\n<p><!-- \/wp:paragraph --><!-- wp:paragraph {\"align\":\"center\"} --><\/p>\n<p class=\"has-text-align-center\"><strong>Gestion de Patrimoine<\/strong><\/p>\n<p><!-- \/wp:paragraph --><!-- wp:paragraph --><\/p>\n<p>Comprendre que vous avez aussi des objectifs financiers est essentiel pour nous. C&rsquo;est pourquoi nous avons int\u00e9gr\u00e9 la gestion de patrimoine \u00e0 nos services. Nos experts financiers veillent \u00e0 votre s\u00e9curit\u00e9 financi\u00e8re \u00e0 long terme.<\/p>\n<p><!-- \/wp:paragraph --><!-- wp:paragraph {\"align\":\"center\"} --><\/p>\n<p class=\"has-text-align-center\"><strong>Pr\u00e9paration de l&rsquo;Apr\u00e8s-Carri\u00e8re<\/strong><\/p>\n<p><!-- \/wp:paragraph --><!-- wp:paragraph --><\/p>\n<p>Nous vous aidons \u00e0 pr\u00e9parer votre apr\u00e8s-carri\u00e8re. Gr\u00e2ce \u00e0 nos partenariats, nous offrons un environnement stable et s\u00e9curis\u00e9.<\/p>\n<p><!-- \/wp:paragraph --><!-- wp:paragraph {\"align\":\"center\"} --><\/p>\n<p class=\"has-text-align-center\"><strong>Un Engagement Fort<\/strong><\/p>\n<p><!-- \/wp:paragraph --><!-- wp:paragraph --><\/p>\n<p>Notre engagement ? Maximiser votre potentiel, sur le terrain comme en dehors. Nous nous investissons pour que chaque joueur que nous repr\u00e9sentons r\u00e9alise ses r\u00eaves.<\/p>\n<p><!-- \/wp:paragraph --><!-- wp:paragraph {\"align\":\"center\"} --><\/p>\n<p class=\"has-text-align-center\"><strong>Rejoignez ESK<\/strong><\/p>\n<p><!-- \/wp:paragraph --><!-- wp:paragraph --><\/p>\n<p>Rejoignez ESK pour cr\u00e9er votre avenir. Ensemble, faisons de vos r\u00eaves une r\u00e9alit\u00e9.<\/p>\n<p><!-- \/wp:paragraph --><\/p>\t\t\t\t\t\t<\/div>\n\t\t\t\t<\/div>\n\t\t\t\t<div class=\"elementor-element elementor-element-2f48b5d elementor-align-center elementor-widget elementor-widget-button\" data-id=\"2f48b5d\" data-element_type=\"widget\" data-widget_type=\"button.default\">\n\t\t\t\t<div class=\"elementor-widget-container\">\n\t\t\t\t\t<div class=\"elementor-button-wrapper\">\n\t\t\t<a href=\"https:\/\/talentesk.com\/index.php\/contact\/\" class=\"elementor-button-link elementor-button elementor-size-md\" role=\"button\">\n\t\t\t\t\t\t<span class=\"elementor-button-content-wrapper\">\n\t\t\t\t\t\t<span class=\"elementor-button-text\">Contactez-nous<\/span>\n\t\t<\/span>\n\t\t\t\t\t<\/a>\n\t\t<\/div>\n\t\t\t\t<\/div>\n\t\t\t\t<\/div>\n\t\t\t\t\t<\/div>\n\t\t<\/div>\n\t\t\t\t\t\t\t<\/div>\n\t\t<\/section>\n\t\t\t\t<section class=\"elementor-section elementor-top-section elementor-element elementor-element-bf6a6ba elementor-section-boxed elementor-section-height-default elementor-section-height-default\" data-id=\"bf6a6ba\" data-element_type=\"section\" data-settings=\"{&quot;background_background&quot;:&quot;gradient&quot;}\">\n\t\t\t\t\t\t\t<div class=\"elementor-background-overlay\"><\/div>\n\t\t\t\t\t\t\t<div class=\"elementor-container elementor-column-gap-no\">\n\t\t\t\t\t<div class=\"elementor-column elementor-col-100 elementor-top-column elementor-element elementor-element-71658f0\" data-id=\"71658f0\" data-element_type=\"column\">\n\t\t\t<div class=\"elementor-widget-wrap elementor-element-populated\">\n\t\t\t\t\t\t\t\t<div class=\"elementor-element elementor-element-ba7f90e elementor-invisible elementor-widget elementor-widget-heading\" data-id=\"ba7f90e\" data-element_type=\"widget\" data-settings=\"{&quot;_animation&quot;:&quot;fadeInDown&quot;}\" data-widget_type=\"heading.default\">\n\t\t\t\t<div class=\"elementor-widget-container\">\n\t\t\t<h2 class=\"elementor-heading-title elementor-size-default\">GESTION DE PATRIMOINE<\/h2>\t\t<\/div>\n\t\t\t\t<\/div>\n\t\t\t\t<div class=\"elementor-element elementor-element-28187dc elementor-invisible elementor-widget elementor-widget-spacer\" data-id=\"28187dc\" data-element_type=\"widget\" data-settings=\"{&quot;_animation&quot;:&quot;fadeInUp&quot;}\" data-widget_type=\"spacer.default\">\n\t\t\t\t<div class=\"elementor-widget-container\">\n\t\t\t\t\t<div class=\"elementor-spacer\">\n\t\t\t<div class=\"elementor-spacer-inner\"><\/div>\n\t\t<\/div>\n\t\t\t\t<\/div>\n\t\t\t\t<\/div>\n\t\t\t\t\t<\/div>\n\t\t<\/div>\n\t\t\t\t\t\t\t<\/div>\n\t\t<\/section>\n\t\t\t\t<section class=\"elementor-section elementor-top-section elementor-element elementor-element-2f70339 elementor-section-height-min-height elementor-section-stretched elementor-section-boxed elementor-section-height-default elementor-section-items-middle\" data-id=\"2f70339\" data-element_type=\"section\" data-settings=\"{&quot;background_background&quot;:&quot;classic&quot;,&quot;stretch_section&quot;:&quot;section-stretched&quot;}\">\n\t\t\t\t\t\t\t<div class=\"elementor-background-overlay\"><\/div>\n\t\t\t\t\t\t\t<div class=\"elementor-container elementor-column-gap-default\">\n\t\t\t\t\t<div class=\"elementor-column elementor-col-100 elementor-top-column elementor-element elementor-element-7977d13\" data-id=\"7977d13\" data-element_type=\"column\">\n\t\t\t<div class=\"elementor-widget-wrap elementor-element-populated\">\n\t\t\t\t\t\t\t\t<div class=\"elementor-element elementor-element-c9ccb33 elementor-widget elementor-widget-text-editor\" data-id=\"c9ccb33\" data-element_type=\"widget\" data-widget_type=\"text-editor.default\">\n\t\t\t\t<div class=\"elementor-widget-container\">\n\t\t\t\t\t\t\t<p style=\"text-align: center;\">Bienvenue dans la section d\u00e9di\u00e9e \u00e0 la gestion de patrimoine, o\u00f9 l\u2019expertise financi\u00e8re de haut niveau et les partenariats solides sont au c\u0153ur de notre approche. Gr\u00e2ce \u00e0 l\u2019exp\u00e9rience bancaire consid\u00e9rable de Samir ESSADIKI, nous proposons des services de gestion financi\u00e8re qui r\u00e9pondent aux besoins sp\u00e9cifiques de chaque client.<\/p>\n<p style=\"text-align: center;\">Nos services ne sont pas uniquement destin\u00e9s aux sportifs, mais \u00e9galement \u00e0 toute personne souhaitant \u00eatre accompagn\u00e9e dans la gestion de son patrimoine et la r\u00e9alisation de ses projets. Que vous soyez un professionnel du sport ou que vous cherchiez \u00e0 optimiser et \u00e0 s\u00e9curiser vos actifs, nous vous proposons des solutions sur mesure qui tiennent compte de votre situation et de vos objectifs.<\/p>\n<p style=\"text-align: center;\">Nous avons pour mission de vous accompagner dans la gestion de votre patrimoine, en nous facilitant sur des partenariats et en mettant en \u0153uvre des strat\u00e9gies financi\u00e8res solides adapt\u00e9es \u00e0 vos besoins. Notre mais ? Vous aidez \u00e0 s\u00e9curiser votre avenir financier et \u00e0 concr\u00e9tiser vos projets.<\/p>\t\t\t\t\t\t<\/div>\n\t\t\t\t<\/div>\n\t\t\t\t<div class=\"elementor-element elementor-element-516eb7e elementor-align-center elementor-widget elementor-widget-button\" data-id=\"516eb7e\" data-element_type=\"widget\" data-widget_type=\"button.default\">\n\t\t\t\t<div class=\"elementor-widget-container\">\n\t\t\t\t\t<div class=\"elementor-button-wrapper\">\n\t\t\t<a href=\"https:\/\/talentesk.com\/index.php\/contact\/\" class=\"elementor-button-link elementor-button elementor-size-md\" role=\"button\">\n\t\t\t\t\t\t<span class=\"elementor-button-content-wrapper\">\n\t\t\t\t\t\t<span class=\"elementor-button-text\">Contactez-nous<\/span>\n\t\t<\/span>\n\t\t\t\t\t<\/a>\n\t\t<\/div>\n\t\t\t\t<\/div>\n\t\t\t\t<\/div>\n\t\t\t\t\t<\/div>\n\t\t<\/div>\n\t\t\t\t\t\t\t<\/div>\n\t\t<\/section>\n\t\t\t\t\t\t\t<\/div>\n\t\t","protected":false},"excerpt":{"rendered":"<p>AGENT FIFA Cr\u00e9er votre avenir avec ESK Chez ESK, nous fa\u00e7onnons l&rsquo;avenir. Notre devise ? \u00ab\u00a0La meilleure fa\u00e7on de pr\u00e9dire l&rsquo;avenir, c&rsquo;est de le cr\u00e9er\u00a0\u00bb. Nous incarnons la d\u00e9termination, la discipline et le travail. Port\u00e9e Internationale Notre agence a une envergure internationale. Nous disposons d&rsquo;un r\u00e9seau vaste et diversifi\u00e9. Il ouvre les portes des plus &hellip; <\/p>\n<p class=\"link-more\"><a href=\"https:\/\/talentesk.com\/index.php\/nos-services\/\" class=\"more-link\">Lire la suite de<span class=\"screen-reader-text\">\u00ab\u00a0Nos services\u00a0\u00bb<\/span><\/a><\/p>\n","protected":false},"author":1,"featured_media":0,"parent":0,"menu_order":0,"comment_status":"closed","ping_status":"closed","template":"page-templates\/homepage-builder-bb.php","meta":[],"yoast_head":"<!-- This site is optimized with the Yoast SEO plugin v20.9 - https:\/\/yoast.com\/wordpress\/plugins\/seo\/ -->\n<title>Nos services -<\/title>\n<meta name=\"robots\" content=\"index, follow, max-snippet:-1, max-image-preview:large, max-video-preview:-1\" \/>\n<link rel=\"canonical\" href=\"https:\/\/talentesk.com\/index.php\/nos-services\/\" \/>\n<meta property=\"og:locale\" content=\"fr_FR\" \/>\n<meta property=\"og:type\" content=\"article\" \/>\n<meta property=\"og:title\" content=\"Nos services -\" \/>\n<meta property=\"og:description\" content=\"AGENT FIFA Cr\u00e9er votre avenir avec ESK Chez ESK, nous fa\u00e7onnons l&rsquo;avenir. Notre devise ? \u00ab\u00a0La meilleure fa\u00e7on de pr\u00e9dire l&rsquo;avenir, c&rsquo;est de le cr\u00e9er\u00a0\u00bb. Nous incarnons la d\u00e9termination, la discipline et le travail. Port\u00e9e Internationale Notre agence a une envergure internationale. Nous disposons d&rsquo;un r\u00e9seau vaste et diversifi\u00e9. Il ouvre les portes des plus &hellip; Lire la suite de\u00ab\u00a0Nos services\u00a0\u00bb\" \/>\n<meta property=\"og:url\" content=\"https:\/\/talentesk.com\/index.php\/nos-services\/\" \/>\n<meta property=\"article:modified_time\" content=\"2023-06-14T14:34:20+00:00\" \/>\n<meta name=\"twitter:card\" content=\"summary_large_image\" \/>\n<meta name=\"twitter:label1\" content=\"Dur\u00e9e de lecture estim\u00e9e\" \/>\n\t<meta name=\"twitter:data1\" content=\"3 minutes\" \/>\n<script type=\"application\/ld+json\" class=\"yoast-schema-graph\">{\"@context\":\"https:\/\/schema.org\",\"@graph\":[{\"@type\":\"WebPage\",\"@id\":\"https:\/\/talentesk.com\/index.php\/nos-services\/\",\"url\":\"https:\/\/talentesk.com\/index.php\/nos-services\/\",\"name\":\"Nos services -\",\"isPartOf\":{\"@id\":\"https:\/\/talentesk.com\/#website\"},\"datePublished\":\"2023-05-23T13:16:41+00:00\",\"dateModified\":\"2023-06-14T14:34:20+00:00\",\"breadcrumb\":{\"@id\":\"https:\/\/talentesk.com\/index.php\/nos-services\/#breadcrumb\"},\"inLanguage\":\"fr-FR\",\"potentialAction\":[{\"@type\":\"ReadAction\",\"target\":[\"https:\/\/talentesk.com\/index.php\/nos-services\/\"]}]},{\"@type\":\"BreadcrumbList\",\"@id\":\"https:\/\/talentesk.com\/index.php\/nos-services\/#breadcrumb\",\"itemListElement\":[{\"@type\":\"ListItem\",\"position\":1,\"name\":\"Accueil\",\"item\":\"https:\/\/talentesk.com\/\"},{\"@type\":\"ListItem\",\"position\":2,\"name\":\"Nos services\"}]},{\"@type\":\"WebSite\",\"@id\":\"https:\/\/talentesk.com\/#website\",\"url\":\"https:\/\/talentesk.com\/\",\"name\":\"\",\"description\":\"\",\"potentialAction\":[{\"@type\":\"SearchAction\",\"target\":{\"@type\":\"EntryPoint\",\"urlTemplate\":\"https:\/\/talentesk.com\/?s={search_term_string}\"},\"query-input\":\"required name=search_term_string\"}],\"inLanguage\":\"fr-FR\"}]}<\/script>\n<!-- \/ Yoast SEO plugin. -->","yoast_head_json":{"title":"Nos services -","robots":{"index":"index","follow":"follow","max-snippet":"max-snippet:-1","max-image-preview":"max-image-preview:large","max-video-preview":"max-video-preview:-1"},"canonical":"https:\/\/talentesk.com\/index.php\/nos-services\/","og_locale":"fr_FR","og_type":"article","og_title":"Nos services -","og_description":"AGENT FIFA Cr\u00e9er votre avenir avec ESK Chez ESK, nous fa\u00e7onnons l&rsquo;avenir. Notre devise ? \u00ab\u00a0La meilleure fa\u00e7on de pr\u00e9dire l&rsquo;avenir, c&rsquo;est de le cr\u00e9er\u00a0\u00bb. Nous incarnons la d\u00e9termination, la discipline et le travail. Port\u00e9e Internationale Notre agence a une envergure internationale. Nous disposons d&rsquo;un r\u00e9seau vaste et diversifi\u00e9. Il ouvre les portes des plus &hellip; Lire la suite de\u00ab\u00a0Nos services\u00a0\u00bb","og_url":"https:\/\/talentesk.com\/index.php\/nos-services\/","article_modified_time":"2023-06-14T14:34:20+00:00","twitter_card":"summary_large_image","twitter_misc":{"Dur\u00e9e de lecture estim\u00e9e":"3 minutes"},"schema":{"@context":"https:\/\/schema.org","@graph":[{"@type":"WebPage","@id":"https:\/\/talentesk.com\/index.php\/nos-services\/","url":"https:\/\/talentesk.com\/index.php\/nos-services\/","name":"Nos services -","isPartOf":{"@id":"https:\/\/talentesk.com\/#website"},"datePublished":"2023-05-23T13:16:41+00:00","dateModified":"2023-06-14T14:34:20+00:00","breadcrumb":{"@id":"https:\/\/talentesk.com\/index.php\/nos-services\/#breadcrumb"},"inLanguage":"fr-FR","potentialAction":[{"@type":"ReadAction","target":["https:\/\/talentesk.com\/index.php\/nos-services\/"]}]},{"@type":"BreadcrumbList","@id":"https:\/\/talentesk.com\/index.php\/nos-services\/#breadcrumb","itemListElement":[{"@type":"ListItem","position":1,"name":"Accueil","item":"https:\/\/talentesk.com\/"},{"@type":"ListItem","position":2,"name":"Nos services"}]},{"@type":"WebSite","@id":"https:\/\/talentesk.com\/#website","url":"https:\/\/talentesk.com\/","name":"","description":"","potentialAction":[{"@type":"SearchAction","target":{"@type":"EntryPoint","urlTemplate":"https:\/\/talentesk.com\/?s={search_term_string}"},"query-input":"required name=search_term_string"}],"inLanguage":"fr-FR"}]}},"_links":{"self":[{"href":"https:\/\/talentesk.com\/index.php\/wp-json\/wp\/v2\/pages\/216"}],"collection":[{"href":"https:\/\/talentesk.com\/index.php\/wp-json\/wp\/v2\/pages"}],"about":[{"href":"https:\/\/talentesk.com\/index.php\/wp-json\/wp\/v2\/types\/page"}],"author":[{"embeddable":true,"href":"https:\/\/talentesk.com\/index.php\/wp-json\/wp\/v2\/users\/1"}],"replies":[{"embeddable":true,"href":"https:\/\/talentesk.com\/index.php\/wp-json\/wp\/v2\/comments?post=216"}],"version-history":[{"count":10,"href":"https:\/\/talentesk.com\/index.php\/wp-json\/wp\/v2\/pages\/216\/revisions"}],"predecessor-version":[{"id":1162,"href":"https:\/\/talentesk.com\/index.php\/wp-json\/wp\/v2\/pages\/216\/revisions\/1162"}],"wp:attachment":[{"href":"https:\/\/talentesk.com\/index.php\/wp-json\/wp\/v2\/media?parent=216"}],"curies":[{"name":"wp","href":"https:\/\/api.w.org\/{rel}","templated":true}]}}