{"id":337,"date":"2023-05-24T07:40:11","date_gmt":"2023-05-24T05:40:11","guid":{"rendered":"https:\/\/talentesk.com\/?page_id=337"},"modified":"2023-06-15T13:43:51","modified_gmt":"2023-06-15T11:43:51","slug":"placements","status":"publish","type":"page","link":"https:\/\/talentesk.com\/index.php\/placements\/","title":{"rendered":"Conseil patrimonial"},"content":{"rendered":"\t\t<div data-elementor-type=\"wp-page\" data-elementor-id=\"337\" class=\"elementor elementor-337\">\n\t\t\t\t\t\t\t\t\t<section class=\"elementor-section elementor-top-section elementor-element elementor-element-5fba3bbb elementor-section-height-min-height elementor-section-boxed elementor-section-height-default elementor-section-items-middle\" data-id=\"5fba3bbb\" data-element_type=\"section\" data-settings=\"{&quot;background_background&quot;:&quot;gradient&quot;}\">\n\t\t\t\t\t\t\t<div class=\"elementor-background-overlay\"><\/div>\n\t\t\t\t\t\t\t<div class=\"elementor-container elementor-column-gap-no\">\n\t\t\t\t\t<div class=\"elementor-column elementor-col-100 elementor-top-column elementor-element elementor-element-5af1ba2d\" data-id=\"5af1ba2d\" data-element_type=\"column\">\n\t\t\t<div class=\"elementor-widget-wrap elementor-element-populated\">\n\t\t\t\t\t\t\t\t<div class=\"elementor-element elementor-element-15c39718 elementor-widget elementor-widget-heading\" data-id=\"15c39718\" data-element_type=\"widget\" data-widget_type=\"heading.default\">\n\t\t\t\t<div class=\"elementor-widget-container\">\n\t\t\t<style>\/*! elementor - v3.13.3 - 28-05-2023 *\/\n.elementor-heading-title{padding:0;margin:0;line-height:1}.elementor-widget-heading .elementor-heading-title[class*=elementor-size-]>a{color:inherit;font-size:inherit;line-height:inherit}.elementor-widget-heading .elementor-heading-title.elementor-size-small{font-size:15px}.elementor-widget-heading .elementor-heading-title.elementor-size-medium{font-size:19px}.elementor-widget-heading .elementor-heading-title.elementor-size-large{font-size:29px}.elementor-widget-heading .elementor-heading-title.elementor-size-xl{font-size:39px}.elementor-widget-heading .elementor-heading-title.elementor-size-xxl{font-size:59px}<\/style><h1 class=\"elementor-heading-title elementor-size-default\">Conseil  patrimonial<\/h1>\t\t<\/div>\n\t\t\t\t<\/div>\n\t\t\t\t<div class=\"elementor-element elementor-element-74b4f61b elementor-invisible elementor-widget elementor-widget-spacer\" data-id=\"74b4f61b\" data-element_type=\"widget\" data-settings=\"{&quot;_animation&quot;:&quot;fadeInUp&quot;}\" data-widget_type=\"spacer.default\">\n\t\t\t\t<div class=\"elementor-widget-container\">\n\t\t\t<style>\/*! elementor - v3.13.3 - 28-05-2023 *\/\n.elementor-column .elementor-spacer-inner{height:var(--spacer-size)}.e-con{--container-widget-width:100%}.e-con-inner>.elementor-widget-spacer,.e-con>.elementor-widget-spacer{width:var(--container-widget-width,var(--spacer-size));--align-self:var(--container-widget-align-self,initial);--flex-shrink:0}.e-con-inner>.elementor-widget-spacer>.elementor-widget-container,.e-con-inner>.elementor-widget-spacer>.elementor-widget-container>.elementor-spacer,.e-con>.elementor-widget-spacer>.elementor-widget-container,.e-con>.elementor-widget-spacer>.elementor-widget-container>.elementor-spacer{height:100%}.e-con-inner>.elementor-widget-spacer>.elementor-widget-container>.elementor-spacer>.elementor-spacer-inner,.e-con>.elementor-widget-spacer>.elementor-widget-container>.elementor-spacer>.elementor-spacer-inner{height:var(--container-widget-height,var(--spacer-size))}<\/style>\t\t<div class=\"elementor-spacer\">\n\t\t\t<div class=\"elementor-spacer-inner\"><\/div>\n\t\t<\/div>\n\t\t\t\t<\/div>\n\t\t\t\t<\/div>\n\t\t\t\t\t<\/div>\n\t\t<\/div>\n\t\t\t\t\t\t\t<\/div>\n\t\t<\/section>\n\t\t\t\t<section class=\"elementor-section elementor-top-section elementor-element elementor-element-693cf0d6 elementor-section-boxed elementor-section-height-default elementor-section-height-default\" data-id=\"693cf0d6\" data-element_type=\"section\" data-settings=\"{&quot;background_background&quot;:&quot;classic&quot;}\">\n\t\t\t\t\t\t\t<div class=\"elementor-background-overlay\"><\/div>\n\t\t\t\t\t\t\t<div class=\"elementor-container elementor-column-gap-no\">\n\t\t\t\t\t<div class=\"elementor-column elementor-col-100 elementor-top-column elementor-element elementor-element-183c99d4\" data-id=\"183c99d4\" data-element_type=\"column\">\n\t\t\t<div class=\"elementor-widget-wrap elementor-element-populated\">\n\t\t\t\t\t\t\t\t<div class=\"elementor-element elementor-element-61766a71 elementor-invisible elementor-widget elementor-widget-heading\" data-id=\"61766a71\" data-element_type=\"widget\" data-settings=\"{&quot;_animation&quot;:&quot;fadeInUp&quot;}\" data-widget_type=\"heading.default\">\n\t\t\t\t<div class=\"elementor-widget-container\">\n\t\t\t<h2 class=\"elementor-heading-title elementor-size-default\">Le cabinet ESK t'offre 30 min de conseils patrimoniale gratuite au 0756853855<\/h2>\t\t<\/div>\n\t\t\t\t<\/div>\n\t\t\t\t<div class=\"elementor-element elementor-element-4d982d49 elementor-invisible elementor-widget elementor-widget-spacer\" data-id=\"4d982d49\" data-element_type=\"widget\" data-settings=\"{&quot;_animation&quot;:&quot;fadeInUp&quot;}\" data-widget_type=\"spacer.default\">\n\t\t\t\t<div class=\"elementor-widget-container\">\n\t\t\t\t\t<div class=\"elementor-spacer\">\n\t\t\t<div class=\"elementor-spacer-inner\"><\/div>\n\t\t<\/div>\n\t\t\t\t<\/div>\n\t\t\t\t<\/div>\n\t\t\t\t\t<\/div>\n\t\t<\/div>\n\t\t\t\t\t\t\t<\/div>\n\t\t<\/section>\n\t\t\t\t<section class=\"elementor-section elementor-top-section elementor-element elementor-element-80ab2d2 elementor-section-boxed elementor-section-height-default elementor-section-height-default\" data-id=\"80ab2d2\" data-element_type=\"section\" data-settings=\"{&quot;background_background&quot;:&quot;classic&quot;}\">\n\t\t\t\t\t\t\t<div class=\"elementor-background-overlay\"><\/div>\n\t\t\t\t\t\t\t<div class=\"elementor-container elementor-column-gap-no\">\n\t\t\t\t\t<div class=\"elementor-column elementor-col-100 elementor-top-column elementor-element elementor-element-f309a90\" data-id=\"f309a90\" data-element_type=\"column\">\n\t\t\t<div class=\"elementor-widget-wrap elementor-element-populated\">\n\t\t\t\t\t\t\t\t<div class=\"elementor-element elementor-element-34b5408 elementor-invisible elementor-widget elementor-widget-heading\" data-id=\"34b5408\" data-element_type=\"widget\" data-settings=\"{&quot;_animation&quot;:&quot;fadeInUp&quot;}\" data-widget_type=\"heading.default\">\n\t\t\t\t<div class=\"elementor-widget-container\">\n\t\t\t<h2 class=\"elementor-heading-title elementor-size-default\">Le cabinet ESK t'offre 30 min de conseils  gratuits<\/h2>\t\t<\/div>\n\t\t\t\t<\/div>\n\t\t\t\t<div class=\"elementor-element elementor-element-13fe71a elementor-invisible elementor-widget elementor-widget-spacer\" data-id=\"13fe71a\" data-element_type=\"widget\" data-settings=\"{&quot;_animation&quot;:&quot;fadeInUp&quot;}\" data-widget_type=\"spacer.default\">\n\t\t\t\t<div class=\"elementor-widget-container\">\n\t\t\t\t\t<div class=\"elementor-spacer\">\n\t\t\t<div class=\"elementor-spacer-inner\"><\/div>\n\t\t<\/div>\n\t\t\t\t<\/div>\n\t\t\t\t<\/div>\n\t\t\t\t<section class=\"elementor-section elementor-inner-section elementor-element elementor-element-dde18bf elementor-section-boxed elementor-section-height-default elementor-section-height-default\" data-id=\"dde18bf\" data-element_type=\"section\">\n\t\t\t\t\t\t<div class=\"elementor-container elementor-column-gap-default\">\n\t\t\t\t\t<div class=\"elementor-column elementor-col-50 elementor-inner-column elementor-element elementor-element-aa7cad6\" data-id=\"aa7cad6\" data-element_type=\"column\" data-settings=\"{&quot;background_background&quot;:&quot;classic&quot;}\">\n\t\t\t<div class=\"elementor-widget-wrap elementor-element-populated\">\n\t\t\t\t\t\t\t\t<div class=\"elementor-element elementor-element-6d90c1c elementor-widget__width-auto elementor-invisible elementor-widget elementor-widget-heading\" data-id=\"6d90c1c\" data-element_type=\"widget\" data-settings=\"{&quot;_animation&quot;:&quot;fadeInDown&quot;}\" data-widget_type=\"heading.default\">\n\t\t\t\t<div class=\"elementor-widget-container\">\n\t\t\t<h2 class=\"elementor-heading-title elementor-size-default\">Gestion compl\u00e8te du Patrimoine <br><br><\/h2>\t\t<\/div>\n\t\t\t\t<\/div>\n\t\t\t\t<div class=\"elementor-element elementor-element-f016366 elementor-widget elementor-widget-text-editor\" data-id=\"f016366\" data-element_type=\"widget\" data-widget_type=\"text-editor.default\">\n\t\t\t\t<div class=\"elementor-widget-container\">\n\t\t\t<style>\/*! elementor - v3.13.3 - 28-05-2023 *\/\n.elementor-widget-text-editor.elementor-drop-cap-view-stacked .elementor-drop-cap{background-color:#69727d;color:#fff}.elementor-widget-text-editor.elementor-drop-cap-view-framed .elementor-drop-cap{color:#69727d;border:3px solid;background-color:transparent}.elementor-widget-text-editor:not(.elementor-drop-cap-view-default) .elementor-drop-cap{margin-top:8px}.elementor-widget-text-editor:not(.elementor-drop-cap-view-default) .elementor-drop-cap-letter{width:1em;height:1em}.elementor-widget-text-editor .elementor-drop-cap{float:left;text-align:center;line-height:1;font-size:50px}.elementor-widget-text-editor .elementor-drop-cap-letter{display:inline-block}<\/style>\t\t\t\t<ul>\n<li style=\"text-align: center;\">En tant que gestionnaire de patrimoine, nous adoptons une approche globale de votre situation financi\u00e8re. Nous examinons tous les aspects de votre patrimoine, y compris les investissements, les biens immobiliers, les assurances et la planification fiscale, pour cr\u00e9er une strat\u00e9gie personnalis\u00e9e qui r\u00e9pond \u00e0 vos objectifs \u00e0 court et \u00e0 long terme.<\/li>\n<\/ul>\n<ul>\n<li style=\"text-align: center;\">Avantages: Cette approche compl\u00e8te garantit que tous les \u00e9l\u00e9ments de votre patrimoine travaillent ensemble de mani\u00e8re efficace, maximisant ainsi votre s\u00e9curit\u00e9 financi\u00e8re et votre potentiel de croissance.<\/li>\n<\/ul>\t\t\t\t\t\t<\/div>\n\t\t\t\t<\/div>\n\t\t\t\t\t<\/div>\n\t\t<\/div>\n\t\t\t\t<div class=\"elementor-column elementor-col-50 elementor-inner-column elementor-element elementor-element-2f31fd6\" data-id=\"2f31fd6\" data-element_type=\"column\" data-settings=\"{&quot;background_background&quot;:&quot;classic&quot;}\">\n\t\t\t<div class=\"elementor-widget-wrap elementor-element-populated\">\n\t\t\t\t\t\t\t\t<div class=\"elementor-element elementor-element-9cd4c28 elementor-widget__width-auto elementor-invisible elementor-widget elementor-widget-heading\" data-id=\"9cd4c28\" data-element_type=\"widget\" data-settings=\"{&quot;_animation&quot;:&quot;fadeInDown&quot;}\" data-widget_type=\"heading.default\">\n\t\t\t\t<div class=\"elementor-widget-container\">\n\t\t\t<h2 class=\"elementor-heading-title elementor-size-default\">Exp\u00e9rience et Professionnalisme<br><br><\/h2>\t\t<\/div>\n\t\t\t\t<\/div>\n\t\t\t\t<div class=\"elementor-element elementor-element-77fe118 elementor-widget elementor-widget-text-editor\" data-id=\"77fe118\" data-element_type=\"widget\" data-widget_type=\"text-editor.default\">\n\t\t\t\t<div class=\"elementor-widget-container\">\n\t\t\t\t\t\t\t<ul><li>Avec plusieurs ann\u00e9es d&rsquo;exp\u00e9rience dans la gestion de patrimoine et une connaissance approfondie du monde sportif, nous apportons un niveau de professionnalisme et d&rsquo;expertise in\u00e9gal\u00e9 \u00e0 nos clients. Nous comprenons les d\u00e9fis uniques auxquels sont confront\u00e9s les athl\u00e8tes professionnels et nous avons l&rsquo;exp\u00e9rience n\u00e9cessaire pour vous aider \u00e0 naviguer avec succ\u00e8s dans ces complexit\u00e9s.<\/li><li>Avantage : Notre exp\u00e9rience vous donne la tranquillit\u00e9 d&rsquo;esprit de savoir que votre patrimoine est entre de bonnes mains. Nous nous engageons \u00e0 maintenir les normes les plus \u00e9lev\u00e9es de conduite professionnelle et d&rsquo;\u00e9thique.<\/li><\/ul>\t\t\t\t\t\t<\/div>\n\t\t\t\t<\/div>\n\t\t\t\t\t<\/div>\n\t\t<\/div>\n\t\t\t\t\t\t\t<\/div>\n\t\t<\/section>\n\t\t\t\t\t<\/div>\n\t\t<\/div>\n\t\t\t\t\t\t\t<\/div>\n\t\t<\/section>\n\t\t\t\t<section class=\"elementor-section elementor-top-section elementor-element elementor-element-e627b07 elementor-section-content-middle elementor-section-boxed elementor-section-height-default elementor-section-height-default\" data-id=\"e627b07\" data-element_type=\"section\" data-settings=\"{&quot;background_background&quot;:&quot;classic&quot;,&quot;shape_divider_top&quot;:&quot;pyramids&quot;}\">\n\t\t\t\t\t\t\t<div class=\"elementor-background-overlay\"><\/div>\n\t\t\t\t\t\t<div class=\"elementor-shape elementor-shape-top\" data-negative=\"false\">\n\t\t\t<svg xmlns=\"http:\/\/www.w3.org\/2000\/svg\" viewBox=\"0 0 1000 100\" preserveAspectRatio=\"none\">\n\t<path class=\"elementor-shape-fill\" d=\"M761.9,44.1L643.1,27.2L333.8,98L0,3.8V0l1000,0v3.9\"\/>\n<\/svg>\t\t<\/div>\n\t\t\t\t\t<div class=\"elementor-container elementor-column-gap-no\">\n\t\t\t\t\t<div class=\"elementor-column elementor-col-50 elementor-top-column elementor-element elementor-element-0b80360\" data-id=\"0b80360\" data-element_type=\"column\">\n\t\t\t<div class=\"elementor-widget-wrap elementor-element-populated\">\n\t\t\t\t\t\t\t\t<div class=\"elementor-element elementor-element-00ba49d elementor-invisible elementor-widget elementor-widget-heading\" data-id=\"00ba49d\" data-element_type=\"widget\" data-settings=\"{&quot;_animation&quot;:&quot;fadeInDown&quot;}\" data-widget_type=\"heading.default\">\n\t\t\t\t<div class=\"elementor-widget-container\">\n\t\t\t<h2 class=\"elementor-heading-title elementor-size-default\">\u00c9coute et Personnalisation<br><\/h2>\t\t<\/div>\n\t\t\t\t<\/div>\n\t\t\t\t<div class=\"elementor-element elementor-element-5174dcb elementor-widget elementor-widget-heading\" data-id=\"5174dcb\" data-element_type=\"widget\" data-widget_type=\"heading.default\">\n\t\t\t\t<div class=\"elementor-widget-container\">\n\t\t\t<h5 class=\"elementor-heading-title elementor-size-default\"><br>1.\tDescription: Nous croyons fermement que chaque client est unique et n\u00e9cessite une strat\u00e9gie personnalis\u00e9e. C'est pourquoi nous prenons le temps d'\u00e9couter attentivement vos objectifs, vos pr\u00e9occupations et vos aspirations. Nous travaillons en \u00e9troite collaboration avec vous pour d\u00e9velopper une strat\u00e9gie de gestion de patrimoine qui correspond parfaitement \u00e0 vos besoins individuels.<br><br>\n2.\tAvantages: Notre engagement envers l'\u00e9coute et la personnalisation signifie que vous recevrez des conseils qui sont v\u00e9ritablement adapt\u00e9s \u00e0 vos besoins. Nous vous aidons \u00e0 r\u00e9aliser vos objectifs financiers de la mani\u00e8re qui vous convient le mieux.\n<\/h5>\t\t<\/div>\n\t\t\t\t<\/div>\n\t\t\t\t\t<\/div>\n\t\t<\/div>\n\t\t\t\t<div class=\"elementor-column elementor-col-50 elementor-top-column elementor-element elementor-element-24fbdee\" data-id=\"24fbdee\" data-element_type=\"column\">\n\t\t\t<div class=\"elementor-widget-wrap elementor-element-populated\">\n\t\t\t\t\t\t\t\t<div class=\"elementor-element elementor-element-195f22d elementor-invisible elementor-widget elementor-widget-heading\" data-id=\"195f22d\" data-element_type=\"widget\" data-settings=\"{&quot;_animation&quot;:&quot;fadeInDown&quot;}\" data-widget_type=\"heading.default\">\n\t\t\t\t<div class=\"elementor-widget-container\">\n\t\t\t<h2 class=\"elementor-heading-title elementor-size-default\">Partenariats Solides <br><br><\/h2>\t\t<\/div>\n\t\t\t\t<\/div>\n\t\t\t\t<div class=\"elementor-element elementor-element-015cc67 elementor-widget elementor-widget-heading\" data-id=\"015cc67\" data-element_type=\"widget\" data-widget_type=\"heading.default\">\n\t\t\t\t<div class=\"elementor-widget-container\">\n\t\t\t<h5 class=\"elementor-heading-title elementor-size-default\">1.\tNous avons \u00e9tabli des relations solides et des partenariats strat\u00e9giques avec une gamme d'experts financiers et juridiques. Ces partenariats nous permettent d'offrir \u00e0 nos clients une gamme compl\u00e8te de services et de ressources pour r\u00e9pondre \u00e0 tous leurs besoins financiers.<br><br>\n2.\tAvantages: Nos clients b\u00e9n\u00e9ficient de l'acc\u00e8s \u00e0 une \u00e9quipe de professionnels qualifi\u00e9s dans divers domaines, tous d\u00e9di\u00e9s \u00e0 la protection et \u00e0 la croissance de leur patrimoine.\n\n<br><br><br><\/h5>\t\t<\/div>\n\t\t\t\t<\/div>\n\t\t\t\t\t<\/div>\n\t\t<\/div>\n\t\t\t\t\t\t\t<\/div>\n\t\t<\/section>\n\t\t\t\t<section class=\"elementor-section elementor-top-section elementor-element elementor-element-bca4e3d elementor-section-boxed elementor-section-height-default elementor-section-height-default\" data-id=\"bca4e3d\" data-element_type=\"section\">\n\t\t\t\t\t\t<div class=\"elementor-container elementor-column-gap-default\">\n\t\t\t\t\t<div class=\"elementor-column elementor-col-100 elementor-top-column elementor-element elementor-element-d42382c\" data-id=\"d42382c\" data-element_type=\"column\">\n\t\t\t<div class=\"elementor-widget-wrap elementor-element-populated\">\n\t\t\t\t\t\t\t\t<div class=\"elementor-element elementor-element-2a6b1f8 elementor-align-center elementor-widget elementor-widget-button\" data-id=\"2a6b1f8\" data-element_type=\"widget\" data-widget_type=\"button.default\">\n\t\t\t\t<div class=\"elementor-widget-container\">\n\t\t\t\t\t<div class=\"elementor-button-wrapper\">\n\t\t\t<a href=\"https:\/\/talentesk.com\/index.php\/contact\/\" class=\"elementor-button-link elementor-button elementor-size-md\" role=\"button\">\n\t\t\t\t\t\t<span class=\"elementor-button-content-wrapper\">\n\t\t\t\t\t\t<span class=\"elementor-button-text\">Contactez-nous<\/span>\n\t\t<\/span>\n\t\t\t\t\t<\/a>\n\t\t<\/div>\n\t\t\t\t<\/div>\n\t\t\t\t<\/div>\n\t\t\t\t\t<\/div>\n\t\t<\/div>\n\t\t\t\t\t\t\t<\/div>\n\t\t<\/section>\n\t\t\t\t\t\t\t<\/div>\n\t\t","protected":false},"excerpt":{"rendered":"<p>Conseil patrimonial Le cabinet ESK t&rsquo;offre 30 min de conseils patrimoniale gratuite au 0756853855 Le cabinet ESK t&rsquo;offre 30 min de conseils gratuits Gestion compl\u00e8te du Patrimoine En tant que gestionnaire de patrimoine, nous adoptons une approche globale de votre situation financi\u00e8re. Nous examinons tous les aspects de votre patrimoine, y compris les investissements, les &hellip; <\/p>\n<p class=\"link-more\"><a href=\"https:\/\/talentesk.com\/index.php\/placements\/\" class=\"more-link\">Lire la suite de<span class=\"screen-reader-text\">\u00ab\u00a0Conseil patrimonial\u00a0\u00bb<\/span><\/a><\/p>\n","protected":false},"author":1,"featured_media":0,"parent":0,"menu_order":0,"comment_status":"closed","ping_status":"closed","template":"page-templates\/homepage-builder-bb.php","meta":[],"yoast_head":"<!-- This site is optimized with the Yoast SEO plugin v20.9 - https:\/\/yoast.com\/wordpress\/plugins\/seo\/ -->\n<title>Conseil patrimonial -<\/title>\n<meta name=\"robots\" content=\"index, follow, max-snippet:-1, max-image-preview:large, max-video-preview:-1\" \/>\n<link rel=\"canonical\" href=\"https:\/\/talentesk.com\/index.php\/placements\/\" \/>\n<meta property=\"og:locale\" content=\"fr_FR\" \/>\n<meta property=\"og:type\" content=\"article\" \/>\n<meta property=\"og:title\" content=\"Conseil patrimonial -\" \/>\n<meta property=\"og:description\" content=\"Conseil patrimonial Le cabinet ESK t&rsquo;offre 30 min de conseils patrimoniale gratuite au 0756853855 Le cabinet ESK t&rsquo;offre 30 min de conseils gratuits Gestion compl\u00e8te du Patrimoine En tant que gestionnaire de patrimoine, nous adoptons une approche globale de votre situation financi\u00e8re. Nous examinons tous les aspects de votre patrimoine, y compris les investissements, les &hellip; Lire la suite de\u00ab\u00a0Conseil patrimonial\u00a0\u00bb\" \/>\n<meta property=\"og:url\" content=\"https:\/\/talentesk.com\/index.php\/placements\/\" \/>\n<meta property=\"article:modified_time\" content=\"2023-06-15T11:43:51+00:00\" \/>\n<meta name=\"twitter:card\" content=\"summary_large_image\" \/>\n<meta name=\"twitter:label1\" content=\"Dur\u00e9e de lecture estim\u00e9e\" \/>\n\t<meta name=\"twitter:data1\" content=\"2 minutes\" \/>\n<script type=\"application\/ld+json\" class=\"yoast-schema-graph\">{\"@context\":\"https:\/\/schema.org\",\"@graph\":[{\"@type\":\"WebPage\",\"@id\":\"https:\/\/talentesk.com\/index.php\/placements\/\",\"url\":\"https:\/\/talentesk.com\/index.php\/placements\/\",\"name\":\"Conseil patrimonial -\",\"isPartOf\":{\"@id\":\"https:\/\/talentesk.com\/#website\"},\"datePublished\":\"2023-05-24T05:40:11+00:00\",\"dateModified\":\"2023-06-15T11:43:51+00:00\",\"breadcrumb\":{\"@id\":\"https:\/\/talentesk.com\/index.php\/placements\/#breadcrumb\"},\"inLanguage\":\"fr-FR\",\"potentialAction\":[{\"@type\":\"ReadAction\",\"target\":[\"https:\/\/talentesk.com\/index.php\/placements\/\"]}]},{\"@type\":\"BreadcrumbList\",\"@id\":\"https:\/\/talentesk.com\/index.php\/placements\/#breadcrumb\",\"itemListElement\":[{\"@type\":\"ListItem\",\"position\":1,\"name\":\"Accueil\",\"item\":\"https:\/\/talentesk.com\/\"},{\"@type\":\"ListItem\",\"position\":2,\"name\":\"Conseil patrimonial\"}]},{\"@type\":\"WebSite\",\"@id\":\"https:\/\/talentesk.com\/#website\",\"url\":\"https:\/\/talentesk.com\/\",\"name\":\"\",\"description\":\"\",\"potentialAction\":[{\"@type\":\"SearchAction\",\"target\":{\"@type\":\"EntryPoint\",\"urlTemplate\":\"https:\/\/talentesk.com\/?s={search_term_string}\"},\"query-input\":\"required name=search_term_string\"}],\"inLanguage\":\"fr-FR\"}]}<\/script>\n<!-- \/ Yoast SEO plugin. -->","yoast_head_json":{"title":"Conseil patrimonial -","robots":{"index":"index","follow":"follow","max-snippet":"max-snippet:-1","max-image-preview":"max-image-preview:large","max-video-preview":"max-video-preview:-1"},"canonical":"https:\/\/talentesk.com\/index.php\/placements\/","og_locale":"fr_FR","og_type":"article","og_title":"Conseil patrimonial -","og_description":"Conseil patrimonial Le cabinet ESK t&rsquo;offre 30 min de conseils patrimoniale gratuite au 0756853855 Le cabinet ESK t&rsquo;offre 30 min de conseils gratuits Gestion compl\u00e8te du Patrimoine En tant que gestionnaire de patrimoine, nous adoptons une approche globale de votre situation financi\u00e8re. Nous examinons tous les aspects de votre patrimoine, y compris les investissements, les &hellip; Lire la suite de\u00ab\u00a0Conseil patrimonial\u00a0\u00bb","og_url":"https:\/\/talentesk.com\/index.php\/placements\/","article_modified_time":"2023-06-15T11:43:51+00:00","twitter_card":"summary_large_image","twitter_misc":{"Dur\u00e9e de lecture estim\u00e9e":"2 minutes"},"schema":{"@context":"https:\/\/schema.org","@graph":[{"@type":"WebPage","@id":"https:\/\/talentesk.com\/index.php\/placements\/","url":"https:\/\/talentesk.com\/index.php\/placements\/","name":"Conseil patrimonial -","isPartOf":{"@id":"https:\/\/talentesk.com\/#website"},"datePublished":"2023-05-24T05:40:11+00:00","dateModified":"2023-06-15T11:43:51+00:00","breadcrumb":{"@id":"https:\/\/talentesk.com\/index.php\/placements\/#breadcrumb"},"inLanguage":"fr-FR","potentialAction":[{"@type":"ReadAction","target":["https:\/\/talentesk.com\/index.php\/placements\/"]}]},{"@type":"BreadcrumbList","@id":"https:\/\/talentesk.com\/index.php\/placements\/#breadcrumb","itemListElement":[{"@type":"ListItem","position":1,"name":"Accueil","item":"https:\/\/talentesk.com\/"},{"@type":"ListItem","position":2,"name":"Conseil patrimonial"}]},{"@type":"WebSite","@id":"https:\/\/talentesk.com\/#website","url":"https:\/\/talentesk.com\/","name":"","description":"","potentialAction":[{"@type":"SearchAction","target":{"@type":"EntryPoint","urlTemplate":"https:\/\/talentesk.com\/?s={search_term_string}"},"query-input":"required name=search_term_string"}],"inLanguage":"fr-FR"}]}},"_links":{"self":[{"href":"https:\/\/talentesk.com\/index.php\/wp-json\/wp\/v2\/pages\/337"}],"collection":[{"href":"https:\/\/talentesk.com\/index.php\/wp-json\/wp\/v2\/pages"}],"about":[{"href":"https:\/\/talentesk.com\/index.php\/wp-json\/wp\/v2\/types\/page"}],"author":[{"embeddable":true,"href":"https:\/\/talentesk.com\/index.php\/wp-json\/wp\/v2\/users\/1"}],"replies":[{"embeddable":true,"href":"https:\/\/talentesk.com\/index.php\/wp-json\/wp\/v2\/comments?post=337"}],"version-history":[{"count":62,"href":"https:\/\/talentesk.com\/index.php\/wp-json\/wp\/v2\/pages\/337\/revisions"}],"predecessor-version":[{"id":1223,"href":"https:\/\/talentesk.com\/index.php\/wp-json\/wp\/v2\/pages\/337\/revisions\/1223"}],"wp:attachment":[{"href":"https:\/\/talentesk.com\/index.php\/wp-json\/wp\/v2\/media?parent=337"}],"curies":[{"name":"wp","href":"https:\/\/api.w.org\/{rel}","templated":true}]}}